{"id":14690,"date":"2024-07-08T04:48:48","date_gmt":"2024-07-08T08:48:48","guid":{"rendered":"https:\/\/puntoenergia.cl\/?post_type=product&#038;p=14690"},"modified":"2024-07-09T06:15:47","modified_gmt":"2024-07-09T10:15:47","slug":"plafon-60w-60x60cm","status":"publish","type":"product","link":"https:\/\/puntoenergia.cl\/index.php\/producto\/plafon-60w-60x60cm\/","title":{"rendered":"Plafon 60w 60x60cm"},"content":{"rendered":"<p style=\"font-size: 24px; color: black;\">Descripci\u00f3n<\/p>\n<div>\n<table class=\"woocommerce-product-attributes shop_attributes\">\n<tbody>\n<tr class=\"woocommerce-product-attributes-item woocommerce-product-attributes-item--weight\">\n<th class=\"woocommerce-product-attributes-item__label\">Peso<\/th>\n<td class=\"woocommerce-product-attributes-item__value\" data-o_content=\"N\/D\">1,8 kg<\/td>\n<\/tr>\n<tr class=\"woocommerce-product-attributes-item woocommerce-product-attributes-item--attribute_pa_vatios\">\n<th class=\"woocommerce-product-attributes-item__label\">Potencia (W)<\/th>\n<td class=\"woocommerce-product-attributes-item__value\">60<\/td>\n<\/tr>\n<tr class=\"woocommerce-product-attributes-item woocommerce-product-attributes-item--attribute_pa_fuente-luminica\">\n<th class=\"woocommerce-product-attributes-item__label\">Fuente Lum\u00ednica<\/th>\n<td class=\"woocommerce-product-attributes-item__value\">Smd Led Epistar 2835<\/td>\n<\/tr>\n<tr class=\"woocommerce-product-attributes-item woocommerce-product-attributes-item--attribute_pa_alimentacion\">\n<th class=\"woocommerce-product-attributes-item__label\">Alimentaci\u00f3n<\/th>\n<td class=\"woocommerce-product-attributes-item__value\">170-265V AC<\/td>\n<\/tr>\n<tr class=\"woocommerce-product-attributes-item woocommerce-product-attributes-item--attribute_pa_acabado\">\n<th class=\"woocommerce-product-attributes-item__label\">Acabado<\/th>\n<td class=\"woocommerce-product-attributes-item__value\">Blanco<\/td>\n<\/tr>\n<tr class=\"woocommerce-product-attributes-item woocommerce-product-attributes-item--attribute_pa_material\">\n<th class=\"woocommerce-product-attributes-item__label\">Material<\/th>\n<td class=\"woocommerce-product-attributes-item__value\">Aluminio<\/td>\n<\/tr>\n<tr class=\"woocommerce-product-attributes-item woocommerce-product-attributes-item--attribute_pa_luminosidad\">\n<th class=\"woocommerce-product-attributes-item__label\">Luminosidad (Lm)<\/th>\n<td class=\"woocommerce-product-attributes-item__value\">6000<\/td>\n<\/tr>\n<tr class=\"woocommerce-product-attributes-item woocommerce-product-attributes-item--attribute_pa_angulo\">\n<th class=\"woocommerce-product-attributes-item__label\">\u00c1ngulo de Apertura (\u00ba)<\/th>\n<td class=\"woocommerce-product-attributes-item__value\">120<\/td>\n<\/tr>\n<tr class=\"woocommerce-product-attributes-item woocommerce-product-attributes-item--attribute_pa_dimension\">\n<th class=\"woocommerce-product-attributes-item__label\">Dimensi\u00f3n<\/th>\n<td class=\"woocommerce-product-attributes-item__value\">595X595X20H mm<\/td>\n<\/tr>\n<tr class=\"woocommerce-product-attributes-item woocommerce-product-attributes-item--attribute_pa_indice-rep-cromatica-cri\">\n<th class=\"woocommerce-product-attributes-item__label\">\u00cdndice Reproducci\u00f3n Crom\u00e1tica (CRI)<\/th>\n<td class=\"woocommerce-product-attributes-item__value\">80<\/td>\n<\/tr>\n<tr class=\"woocommerce-product-attributes-item woocommerce-product-attributes-item--attribute_pa_proteccion\">\n<th class=\"woocommerce-product-attributes-item__label\">Protecci\u00f3n<\/th>\n<td class=\"woocommerce-product-attributes-item__value\">IP40<\/td>\n<\/tr>\n<tr class=\"woocommerce-product-attributes-item woocommerce-product-attributes-item--attribute_pa_factor-de-potencia\">\n<th class=\"woocommerce-product-attributes-item__label\">Factor de Potencia<\/th>\n<td class=\"woocommerce-product-attributes-item__value\">0.95<\/td>\n<\/tr>\n<tr class=\"woocommerce-product-attributes-item woocommerce-product-attributes-item--attribute_pa_factor-deslumbramiento\">\n<th class=\"woocommerce-product-attributes-item__label\">Factor Deslumbramiento (UGR)<\/th>\n<td class=\"woocommerce-product-attributes-item__value\">19<\/td>\n<\/tr>\n<tr class=\"woocommerce-product-attributes-item woocommerce-product-attributes-item--attribute_pa_ik\">\n<th class=\"woocommerce-product-attributes-item__label\">IK<\/th>\n<td class=\"woocommerce-product-attributes-item__value\">05<\/td>\n<\/tr>\n<tr class=\"woocommerce-product-attributes-item woocommerce-product-attributes-item--attribute_pa_ta-ambiente-de-trabajo\">\n<th class=\"woocommerce-product-attributes-item__label\">T\u00aa Ambiente de Trabajo<\/th>\n<td class=\"woocommerce-product-attributes-item__value\">-10\u00b0C ~ + 50\u00b0C<\/td>\n<\/tr>\n<tr class=\"woocommerce-product-attributes-item woocommerce-product-attributes-item--attribute_pa_vida-util\">\n<th class=\"woocommerce-product-attributes-item__label\">Vida \u00fatil (H)<\/th>\n<td class=\"woocommerce-product-attributes-item__value\">30000<\/td>\n<\/tr>\n<tr class=\"woocommerce-product-attributes-item woocommerce-product-attributes-item--attribute_pa_temperatura-de-color\">\n<th class=\"woocommerce-product-attributes-item__label\">Temperatura de color (K\u00ba)<\/th>\n<td class=\"woocommerce-product-attributes-item__value\">Blanco Neutro 4500K, Blanco Fr\u00edo 6000K<\/td>\n<\/tr>\n<\/tbody>\n<\/table>\n<\/div>\n","protected":false},"excerpt":{"rendered":"<p style=\"font-size: 24px; color: black;\">Plaf\u00f3n Cuadrado de Luz LED 60W.<\/p>\n","protected":false},"featured_media":14692,"comment_status":"open","ping_status":"closed","template":"","meta":{"_monsterinsights_skip_tracking":false,"_monsterinsights_sitenote_active":false,"_monsterinsights_sitenote_note":"","_monsterinsights_sitenote_category":0},"product_cat":[226,206,214,116],"product_tag":[217,215,216],"_links":{"self":[{"href":"https:\/\/puntoenergia.cl\/index.php\/wp-json\/wp\/v2\/product\/14690"}],"collection":[{"href":"https:\/\/puntoenergia.cl\/index.php\/wp-json\/wp\/v2\/product"}],"about":[{"href":"https:\/\/puntoenergia.cl\/index.php\/wp-json\/wp\/v2\/types\/product"}],"replies":[{"embeddable":true,"href":"https:\/\/puntoenergia.cl\/index.php\/wp-json\/wp\/v2\/comments?post=14690"}],"wp:featuredmedia":[{"embeddable":true,"href":"https:\/\/puntoenergia.cl\/index.php\/wp-json\/wp\/v2\/media\/14692"}],"wp:attachment":[{"href":"https:\/\/puntoenergia.cl\/index.php\/wp-json\/wp\/v2\/media?parent=14690"}],"wp:term":[{"taxonomy":"product_cat","embeddable":true,"href":"https:\/\/puntoenergia.cl\/index.php\/wp-json\/wp\/v2\/product_cat?post=14690"},{"taxonomy":"product_tag","embeddable":true,"href":"https:\/\/puntoenergia.cl\/index.php\/wp-json\/wp\/v2\/product_tag?post=14690"}],"curies":[{"name":"wp","href":"https:\/\/api.w.org\/{rel}","templated":true}]}}